{"id":4645,"date":"2020-06-03T10:48:28","date_gmt":"2020-06-03T10:48:28","guid":{"rendered":"https:\/\/demo.pro.radio\/wp2\/events-landing\/"},"modified":"2024-09-13T09:09:56","modified_gmt":"2024-09-13T07:09:56","slug":"events-landing","status":"publish","type":"page","link":"https:\/\/biasradio.com\/?page_id=4645","title":{"rendered":"Events"},"content":{"rendered":"\t\t<div data-elementor-type=\"wp-page\" data-elementor-id=\"4645\" class=\"elementor elementor-4645\">\n\t\t\t\t\t\t<section class=\"elementor-section elementor-top-section elementor-element elementor-element-908b673 elementor-section-stretched elementor-section-full_width elementor-section-height-default elementor-section-height-default\" data-id=\"908b673\" data-element_type=\"section\" data-settings=\"{&quot;stretch_section&quot;:&quot;section-stretched&quot;}\">\n\t\t\t\t\t\t<div class=\"elementor-container elementor-column-gap-default\">\n\t\t\t\t\t<div class=\"elementor-column elementor-col-100 elementor-top-column elementor-element elementor-element-5bf93b9\" data-id=\"5bf93b9\" data-element_type=\"column\" data-settings=\"{&quot;background_background&quot;:&quot;classic&quot;}\">\n\t\t\t<div class=\"elementor-widget-wrap elementor-element-populated\">\n\t\t\t\t\t\t<div class=\"elementor-element elementor-element-142593e elementor-widget elementor-widget-proradio-elementor-3dheader\" data-id=\"142593e\" data-element_type=\"widget\" data-widget_type=\"proradio-elementor-3dheader.default\">\n\t\t\t\t<div class=\"elementor-widget-container\">\n\t\t\t\t\t\t\t<div class=\"elementor-shortcode\">\n\t\t<div id=\"3dheader--proradiodebcdd-upcomingevents\" class=\"proradio-3dheader  proradio-negative proradio-3dheader--proradiodebcdd-upcomingevents\">\n\t\t\t<div class=\"proradio-3dheader__wrapper\">\n\t\t\n\t\t\t\t\t\t\t\t\t<div class=\"proradio-3dheader__bg proradio-3dheader__bg--1\"><img decoding=\"async\" src=\"https:\/\/biasradio.com\/wp-content\/uploads\/2021\/07\/3DBG-V2.png\" alt=\"Background\"><\/div>\n\t\t\t\t\t\t\t\t\t\t<div class=\"proradio-3dheader__bg proradio-3dheader__bg--2\"><img decoding=\"async\" src=\"https:\/\/biasradio.com\/wp-content\/uploads\/2021\/07\/3DBGT.png\" alt=\"Background\"><\/div>\n\t\t\t\t\t\t\t\t\t\n\t\t\t\t<div class=\"proradio-3dheader__contents\">\n\t\t\t\t\t<div class=\"proradio-3dheader__contents__caption\">\n\t\t\t\t\t\t<div class=\"proradio-section-caption proradio-section-caption--l\">\n\t\t\t\t\t\t\t<div class=\"proradio-3dheader__firstlevel\">\n\t\t\t\t\t\t\t\t\t\t<div>\n\t\t\t<h4  class=\"proradio-element-caption proradio-caption  proradio-caption__m proradio-caption--neg center proradio-center proradio-caption__c  \" data-qtwaypoints-offset=\"30\" data-qtwaypoints>\t\t\t\t<span>TIME TO PARTY<\/span>\n\t\t\t\t<\/h4>\t\t<\/div>\n\t\t\t\t\t\t\t\t\t\t\t<h1  class=\"proradio-center proradio-3dheader__top proradio-capfont proradio-3dheader--proradiodebcdd-upcomingevents proradio-txtfx--container proradio-textfx-wrap \">\n\t\t\t\t\t\t\t\t\t\t\t\t\t\t\t\t\t\t\t\t\t\t<span class=\"proradio-txtfx proradio-txtfx--\" data-qtwaypoints-offset=\"50\" data-qtwaypoints  data-letters=\"UPCOMING EVENTS\">UPCOMING EVENTS<\/span>\n\t\t\t\t\t\t\t\t\t\t\t\t\t\t\t\t\t\t\t\t\t<\/h1>\n\t\t\t\t\t\t\t\t\t<div class=\"proradio-3dheader__cd\"><\/div>\t\t\t\t\t\t\t\t\t\t<p class=\"proradio-spacer-xs proradio-3dheader__link\">\n\t\t\t\t\t\t\t\t\t\t\t<a class=\"proradio-btn proradio-btn__l proradio-btn-primary \"     href=\"#list-section\">VIEW EVENTS<\/a>\n\t\t\t\t\t\t\t\t\t\t<\/p>\n\t\t\t\t\t\t\t\t\t\t\t\t\t\t\t\t\t<\/div>\n\t\t\t\t\t\t<\/div>\n\t\t\t\t\t<\/div>\n\t\t\t\t<\/div>\n\t\t\t<\/div>\n\t\t<\/div>\n\t\t\t\t<div data-proradio-customstyles=\".proradio-3dheader--proradiodebcdd-upcomingevents .proradio-txtfx--tokyo { color: #808080}\n\t\t\t\t\t\t\t\t\t\t\t\t.proradio-3dheader--proradiodebcdd-upcomingevents , .proradio-3dheader--proradiodebcdd-upcomingevents .proradio-txtfx--tokyo::before { color: #FFFFFF}\n\t\t\t\t\t\t\t\t\t\t\t\t.proradio-3dheader--proradiodebcdd-upcomingevents .proradio-txtfx--tokyo::after { background: #FF0056}\n\t\t\t\t\t\t\t\t\t\t\t\t .proradio-3dheader--proradiodebcdd-upcomingevents .proradio-section-caption { background-color: rgba(24, 25, 26, 0.72);}\"><\/div>\n\t\t<\/div>\n\t\t\t\t\t\t<\/div>\n\t\t\t\t<\/div>\n\t\t\t\t\t<\/div>\n\t\t<\/div>\n\t\t\t\t\t<\/div>\n\t\t<\/section>\n\t\t\t\t<section class=\"elementor-section elementor-top-section elementor-element elementor-element-a387db0 elementor-section-stretched elementor-section-full_width elementor-section-height-default elementor-section-height-default\" data-id=\"a387db0\" data-element_type=\"section\" data-settings=\"{&quot;stretch_section&quot;:&quot;section-stretched&quot;,&quot;background_background&quot;:&quot;classic&quot;}\">\n\t\t\t\t\t\t<div class=\"elementor-container elementor-column-gap-default\">\n\t\t\t\t\t<div class=\"elementor-column elementor-col-100 elementor-top-column elementor-element elementor-element-842975c\" data-id=\"842975c\" data-element_type=\"column\">\n\t\t\t<div class=\"elementor-widget-wrap elementor-element-populated\">\n\t\t\t\t\t\t<div class=\"elementor-element elementor-element-b6b844b elementor-widget elementor-widget-proradio-elementor-post-carousel\" data-id=\"b6b844b\" data-element_type=\"widget\" data-widget_type=\"proradio-elementor-post-carousel.default\">\n\t\t\t\t<div class=\"elementor-widget-container\">\n\t\t\t\t\t\n\t\t\t<div id=\"gridqt-post-carousel-464569e0bc76551a4\" class=\"proradio-owl-carousel-container\">\n\t\t\t\t<div id=\"qt-post-carousel-464569e0bc76551a4\" class=\"proradio-owl-carousel owl-carousel owl-theme proradio-owl-theme\" \n\t\t\t\t\tdata-items=\"5\"\n\t\t\t\t\tdata-items_tablet=\"3\"\n\t\t\t\t\tdata-items_mobile=\"1\"\n\t\t\t\t\tdata-items_mobile_hori=\"2\"\n\t\t\t\t\tdata-gap=\"0\"\n\t\t\t\t\tdata-pause_on_hover=\"\"\n\t\t\t\t\tdata-loop=\"\" \n\t\t\t\t\tdata-center=\"\" \n\t\t\t\t\tdata-stage_padding=\"0\"\n\t\t\t\t\tdata-nav=\"true\"\n\t\t\t\t\tdata-dots=\"\" \n\t\t\t\t\tdata-autoplay_timeout=\"4000\" \n\t\t\t\t\tdata-amount=\"1\">\n\t\t\t\t\t\t\t\t\t\t\t<div class=\"proradio-item\">\n\t\t\t\t\t\t\t<div class=\"proradio-itemcontainer\">\n\t\t\t\t\t\t\t\t<article class=\"proradio-post proradio-post__card proradio-post__card--event proradio-darkbg proradio-negative post-7344 event type-event status-publish has-post-thumbnail hentry eventtype-featured\" data-qtwaypoints>\n\t<div class=\"proradio-bgimg proradio-bgimg--full proradio-duotone\">\n\t\t<img fetchpriority=\"high\" decoding=\"async\" width=\"564\" height=\"1002\" src=\"https:\/\/biasradio.com\/wp-content\/uploads\/2024\/05\/438725703_781471120757700_233520227144061512_n.jpg\" class=\"proradio-post__thumb wp-post-image\" alt=\"\" srcset=\"https:\/\/biasradio.com\/wp-content\/uploads\/2024\/05\/438725703_781471120757700_233520227144061512_n.jpg 564w, https:\/\/biasradio.com\/wp-content\/uploads\/2024\/05\/438725703_781471120757700_233520227144061512_n-433x770.jpg 433w\" sizes=\"(max-width: 564px) 100vw, 564px\" \/>\t<\/div>\n\t<div class=\"proradio-post__headercont\">\n\t\t<a class=\"proradio-post__header__link\" href=\"https:\/\/biasradio.com\/?event=a-nagy-hazibuli-2024-05-11-iszkaszentgyorgy\"><\/a>\n\t\t<div class=\"proradio-actions__cont\">\n\t<div class=\"proradio-actions\">\n\t\t\t\t<a href=\"https:\/\/biasradio.com\/?event=a-nagy-hazibuli-2024-05-11-iszkaszentgyorgy\" class=\"proradio-actionicon\"><i class='material-icons'>today<\/i><\/a>\n\t\t\n\n\t\t\t\t<span class=\"proradio-actions__a1\">\t\t<a data-ttgreaktions-shareboxfull=\"{&quot;id&quot;:&quot;7344&quot;,&quot;shared&quot;:&quot;https:\\\/\\\/biasradio.com\\\/?event=a-nagy-hazibuli-2024-05-11-iszkaszentgyorgy&quot;,&quot;title&quot;:&quot;A Nagy H\\u00e1zibuli 2024.05.11. Iszkaszentgy\\u00f6rgy&quot;,&quot;finalUrl&quot;:&quot;https:\\\/\\\/biasradio.com\\\/?event=a-nagy-hazibuli-2024-05-11-iszkaszentgyorgy&amp;id=7344&amp;reaktions-share-fullpage=7344&amp;noajax=1&amp;label=Share&amp;btnclass=proradio-btn  proradio-btn__r&amp;secure=6f0233f9d6&quot;}\" href=\"#nojax\" class=\"proradio_reaktions-link \">\n\t\t\t<span class=\"qtli\"><i class=\"reakticons-share\"><\/i><\/span><span class=\"count\">3<\/span>\n\t\t<\/a>\n\t\t<\/span>\n\t\t\n\n\t\t\t\t<span class=\"proradio-actions__a2\">\t\t<a data-ttgreaktions-lovelink class=\"proradio_reaktions-link \" data-post_id=\"7344\" href=\"#\">\n\t        <span class=\"qtli\"><i class=\"reakticons-heart\"><\/i><\/span><span class=\"qtli count\"><\/span>\n\t    <\/a>\n\t\t<\/span>\n\t\t\t<\/div>\n<\/div>\n\n\n\t\t<div class=\"proradio-post__card__cap\">\n\t\t\t<p class=\"proradio-cats\">\n\t\t\t\t<a href=\"https:\/\/biasradio.com\/?eventtype=featured\" class=\"proradio-catid-40\">Featured<\/a>\t\t\t<\/p>\n\t\t\t<h3 class=\"proradio-post__title proradio-h4 proradio-cutme-t-2\"><a href=\"https:\/\/biasradio.com\/?event=a-nagy-hazibuli-2024-05-11-iszkaszentgyorgy\">A Nagy H\u00e1zibuli 2024.05.11. Iszkaszentgy\u00f6rgy<\/a><\/h3>\n\t\t\t<p class=\"proradio-meta proradio-small\">\n\t\t\t\t<span class=\"proradio-date\"><i class=\"material-icons\">location_on<\/i>Iszkaszentgy\u00f6rgy<\/span>\t\t\t\t<span><i class=\"reakticons-eye\"><\/i>90<\/span><span><\/span><span>\t\t<a data-ttgreaktions-lovelink class=\"proradio_reaktions-link \" data-post_id=\"7344\" href=\"#\">\n\t        <span class=\"qtli\"><i class=\"reakticons-heart\"><\/i><\/span><span class=\"qtli count\"><\/span>\n\t    <\/a>\n\t\t<\/span><span>\t\t<a data-ttgreaktions-shareboxfull=\"{&quot;id&quot;:&quot;7344&quot;,&quot;shared&quot;:&quot;https:\\\/\\\/biasradio.com\\\/?event=a-nagy-hazibuli-2024-05-11-iszkaszentgyorgy&quot;,&quot;title&quot;:&quot;A Nagy H\\u00e1zibuli 2024.05.11. Iszkaszentgy\\u00f6rgy&quot;,&quot;finalUrl&quot;:&quot;https:\\\/\\\/biasradio.com\\\/?event=a-nagy-hazibuli-2024-05-11-iszkaszentgyorgy&amp;id=7344&amp;reaktions-share-fullpage=7344&amp;noajax=1&amp;label=Share&amp;btnclass=proradio-btn proradio-btn__r&amp;secure=6f0233f9d6&quot;}\" href=\"#nojax\" class=\"proradio_reaktions-link \">\n\t\t\t<span class=\"qtli\"><i class=\"reakticons-share\"><\/i><\/span><span class=\"count\">3<\/span>\n\t\t<\/a>\n\t\t<\/span>\t\t\t<\/p>\n\t\t<\/div>\n\t<\/div>\n<\/article>\t\t\t\t\t\t\t<\/div>\n\t\t\t\t\t\t<\/div>\n\t\t\t\t\t\t\t\t\t\t<\/div>\n\t\t\t<\/div>\n\t\t\t\t\t\t\t<\/div>\n\t\t\t\t<\/div>\n\t\t\t\t\t<\/div>\n\t\t<\/div>\n\t\t\t\t\t<\/div>\n\t\t<\/section>\n\t\t\t\t<section class=\"elementor-section elementor-top-section elementor-element elementor-element-469259a elementor-section-boxed elementor-section-height-default elementor-section-height-default\" data-id=\"469259a\" data-element_type=\"section\" id=\"list-section\">\n\t\t\t\t\t\t<div class=\"elementor-container elementor-column-gap-default\">\n\t\t\t\t\t<div class=\"elementor-column elementor-col-100 elementor-top-column elementor-element elementor-element-234e055\" data-id=\"234e055\" data-element_type=\"column\">\n\t\t\t<div class=\"elementor-widget-wrap elementor-element-populated\">\n\t\t\t\t\t\t<div class=\"elementor-element elementor-element-c9ba480 elementor-widget elementor-widget-proradio-elementor-event-featured\" data-id=\"c9ba480\" data-element_type=\"widget\" data-widget_type=\"proradio-elementor-event-featured.default\">\n\t\t\t\t<div class=\"elementor-widget-container\">\n\t\t\t\t\t<article id=\"post-hero-7344\" class=\"proradio-post proradio-post__hero proradio-post__event-feat post-7344 event type-event status-publish has-post-thumbnail hentry eventtype-featured\" data-qtwaypoints>\n\t<div class=\"proradio-post__header proradio-darkbg proradio-negative\">\n\t\t<div class=\"proradio-bgimg proradio-duotone\">\n\t\t\t<img fetchpriority=\"high\" decoding=\"async\" width=\"564\" height=\"1002\" src=\"https:\/\/biasradio.com\/wp-content\/uploads\/2024\/05\/438725703_781471120757700_233520227144061512_n.jpg\" class=\"proradio-post__thumb wp-post-image\" alt=\"\" srcset=\"https:\/\/biasradio.com\/wp-content\/uploads\/2024\/05\/438725703_781471120757700_233520227144061512_n.jpg 564w, https:\/\/biasradio.com\/wp-content\/uploads\/2024\/05\/438725703_781471120757700_233520227144061512_n-433x770.jpg 433w\" sizes=\"(max-width: 564px) 100vw, 564px\" \/>\t\t<\/div>\n\t\t<div class=\"proradio-post__headercont\">\n\t\t\t<div class=\"proradio-actions__cont\">\n\t<div class=\"proradio-actions\">\n\t\t\t\t<a href=\"https:\/\/biasradio.com\/?event=a-nagy-hazibuli-2024-05-11-iszkaszentgyorgy\" class=\"proradio-actionicon\"><i class='material-icons'>today<\/i><\/a>\n\t\t\n\n\t\t\t\t<span class=\"proradio-actions__a1\">\t\t<a data-ttgreaktions-shareboxfull=\"{&quot;id&quot;:&quot;7344&quot;,&quot;shared&quot;:&quot;https:\\\/\\\/biasradio.com\\\/?event=a-nagy-hazibuli-2024-05-11-iszkaszentgyorgy&quot;,&quot;title&quot;:&quot;A Nagy H\\u00e1zibuli 2024.05.11. Iszkaszentgy\\u00f6rgy&quot;,&quot;finalUrl&quot;:&quot;https:\\\/\\\/biasradio.com\\\/?event=a-nagy-hazibuli-2024-05-11-iszkaszentgyorgy&amp;id=7344&amp;reaktions-share-fullpage=7344&amp;noajax=1&amp;label=Share&amp;btnclass=proradio-btn  proradio-btn__r&amp;secure=6f0233f9d6&quot;}\" href=\"#nojax\" class=\"proradio_reaktions-link \">\n\t\t\t<span class=\"qtli\"><i class=\"reakticons-share\"><\/i><\/span><span class=\"count\">3<\/span>\n\t\t<\/a>\n\t\t<\/span>\n\t\t\n\n\t\t\t\t<span class=\"proradio-actions__a2\">\t\t<a data-ttgreaktions-lovelink class=\"proradio_reaktions-link \" data-post_id=\"7344\" href=\"#\">\n\t        <span class=\"qtli\"><i class=\"reakticons-heart\"><\/i><\/span><span class=\"qtli count\"><\/span>\n\t    <\/a>\n\t\t<\/span>\n\t\t\t<\/div>\n<\/div>\n\n\n\t\t\t<a class=\"proradio-post__header__link\" href=\"https:\/\/biasradio.com\/?event=a-nagy-hazibuli-2024-05-11-iszkaszentgyorgy\"><\/a>\n\t\t\t<div class=\"proradio-bigdate\">\n\t\t\t\t\t\t\t<h4 class=\"proradio-post__event__d proradio-capfont\">\n\t\t\t\t\t<span>11<\/span>\n\t\t\t\t\t<span>May 2024<\/span>\n\t\t\t\t<\/h4>\n\t\t\t\t\t\t\t<\/div>\n\n\n\t\t\t<div class=\"proradio-post__hero__caption\">\n\n\n\t\t\t\t<p class=\"proradio-meta proradio-small\">IKSZT \u2014 Iszkaszentgy\u00f6rgy<\/p>\t\t\t\t<h3 class=\"proradio-post__title proradio-h1 proradio-cutme-t-3\"><a href=\"https:\/\/biasradio.com\/?event=a-nagy-hazibuli-2024-05-11-iszkaszentgyorgy\">A Nagy H\u00e1zibuli 2024.05.11. Iszkaszentgy\u00f6rgy<\/a><\/h3>\n\t\t\t\t\n\t\t\t\t\t\t\t\t\t<div class=\"proradio-excerpt\">\n\t\t\t\t\t\t<p>\n\t\t\t\t\t\tKedves hallgat\u00f3ink, bar\u00e1taink, ismer\u0151seink! 2024.05.11. szombat este\u2026 Nagy H\u00e1zibuli Iszkaszentgy\u00f6rgy\u00f6n! Visszahozzuk a 80\u2019 \u2013 90\u2019 \u00e9vek DISCO hangulat\u00e1t egy szuper PARTY-val, tombol\u00e1val! A hangulatot a BiasR\u00e1di\u00f3 m\u0171sorvezet\u0151i garant\u00e1lj\u00e1k! Ha szereted ezt a zenei id\u0151szakot (a Szaki DISCO-t) ott a helyed! V\u00e1runk mindenkit sok szeretettel! A BiasR\u00e1di\u00f3 csapata! Szasza, Sanci, Cug-Lee, Boy, DJ SZAKI, DJGal Ha k\u00e9rd\u00e9setek van keress\u00e9tek bizalommal a szervez\u0151t Elek Be\u00e1t\u00e1t ! Tel. sz\u00e1m: +36 70 344 1051\t\t\t\t\t\t<\/p>\n\t\t\t\t\t<\/div>\n\t\t\t\t\t\t\t\t<p class=\"proradio-meta proradio-small\">\n\t\t\t\t\t<span><i class=\"reakticons-eye\"><\/i>90<\/span><span><\/span><span>\t\t<a data-ttgreaktions-lovelink class=\"proradio_reaktions-link \" data-post_id=\"7344\" href=\"#\">\n\t        <span class=\"qtli\"><i class=\"reakticons-heart\"><\/i><\/span><span class=\"qtli count\"><\/span>\n\t    <\/a>\n\t\t<\/span><span>\t\t<a data-ttgreaktions-shareboxfull=\"{&quot;id&quot;:&quot;7344&quot;,&quot;shared&quot;:&quot;https:\\\/\\\/biasradio.com\\\/?event=a-nagy-hazibuli-2024-05-11-iszkaszentgyorgy&quot;,&quot;title&quot;:&quot;A Nagy H\\u00e1zibuli 2024.05.11. Iszkaszentgy\\u00f6rgy&quot;,&quot;finalUrl&quot;:&quot;https:\\\/\\\/biasradio.com\\\/?event=a-nagy-hazibuli-2024-05-11-iszkaszentgyorgy&amp;id=7344&amp;reaktions-share-fullpage=7344&amp;noajax=1&amp;label=Share&amp;btnclass=proradio-btn proradio-btn__r&amp;secure=6f0233f9d6&quot;}\" href=\"#nojax\" class=\"proradio_reaktions-link \">\n\t\t\t<span class=\"qtli\"><i class=\"reakticons-share\"><\/i><\/span><span class=\"count\">3<\/span>\n\t\t<\/a>\n\t\t<\/span>\t\t\t\t<\/p>\n\t\t\t<\/div>\n\t\t<\/div>\n\t<\/div>\n<\/article>\t\t\t\t<\/div>\n\t\t\t\t<\/div>\n\t\t\t\t\t<\/div>\n\t\t<\/div>\n\t\t\t\t\t<\/div>\n\t\t<\/section>\n\t\t\t\t<section class=\"elementor-section elementor-top-section elementor-element elementor-element-de394af elementor-section-boxed elementor-section-height-default elementor-section-height-default\" data-id=\"de394af\" data-element_type=\"section\">\n\t\t\t\t\t\t<div class=\"elementor-container elementor-column-gap-default\">\n\t\t\t\t\t<div class=\"elementor-column elementor-col-100 elementor-top-column elementor-element elementor-element-b3348e1\" data-id=\"b3348e1\" data-element_type=\"column\">\n\t\t\t<div class=\"elementor-widget-wrap elementor-element-populated\">\n\t\t\t\t\t\t<div class=\"elementor-element elementor-element-2c3e248 elementor-widget elementor-widget-proradio-elementor-post-grid\" data-id=\"2c3e248\" data-element_type=\"widget\" data-widget_type=\"proradio-elementor-post-grid.default\">\n\t\t\t\t<div class=\"elementor-widget-container\">\n\t\t\t\t\t\t\t\t<div id=\"gridqt-post-grid-7344\" class=\"proradio-container proradio-post-grid\">\n\t\t\t\t<div id=\"6dfb5d44313bfe477ac2223363a72d3a\" class=\"proradio-row\">\n\t\t\t\t\t\t\t\t\t\t\t<div class=\"proradio-col proradio-col__post proradio-s12 proradio-m6 proradio-l4\">\n\t\t\t\t\t\t\t<article class=\"proradio-post proradio-post__card proradio-post__card--event proradio-darkbg proradio-negative post-7344 event type-event status-publish has-post-thumbnail hentry eventtype-featured\" data-qtwaypoints>\n\t<div class=\"proradio-bgimg proradio-bgimg--full proradio-duotone\">\n\t\t<img fetchpriority=\"high\" decoding=\"async\" width=\"564\" height=\"1002\" src=\"https:\/\/biasradio.com\/wp-content\/uploads\/2024\/05\/438725703_781471120757700_233520227144061512_n.jpg\" class=\"proradio-post__thumb wp-post-image\" alt=\"\" srcset=\"https:\/\/biasradio.com\/wp-content\/uploads\/2024\/05\/438725703_781471120757700_233520227144061512_n.jpg 564w, https:\/\/biasradio.com\/wp-content\/uploads\/2024\/05\/438725703_781471120757700_233520227144061512_n-433x770.jpg 433w\" sizes=\"(max-width: 564px) 100vw, 564px\" \/>\t<\/div>\n\t<div class=\"proradio-post__headercont\">\n\t\t<a class=\"proradio-post__header__link\" href=\"https:\/\/biasradio.com\/?event=a-nagy-hazibuli-2024-05-11-iszkaszentgyorgy\"><\/a>\n\t\t<div class=\"proradio-actions__cont\">\n\t<div class=\"proradio-actions\">\n\t\t\t\t<a href=\"https:\/\/biasradio.com\/?event=a-nagy-hazibuli-2024-05-11-iszkaszentgyorgy\" class=\"proradio-actionicon\"><i class='material-icons'>today<\/i><\/a>\n\t\t\n\n\t\t\t\t<span class=\"proradio-actions__a1\">\t\t<a data-ttgreaktions-shareboxfull=\"{&quot;id&quot;:&quot;7344&quot;,&quot;shared&quot;:&quot;https:\\\/\\\/biasradio.com\\\/?event=a-nagy-hazibuli-2024-05-11-iszkaszentgyorgy&quot;,&quot;title&quot;:&quot;A Nagy H\\u00e1zibuli 2024.05.11. Iszkaszentgy\\u00f6rgy&quot;,&quot;finalUrl&quot;:&quot;https:\\\/\\\/biasradio.com\\\/?event=a-nagy-hazibuli-2024-05-11-iszkaszentgyorgy&amp;id=7344&amp;reaktions-share-fullpage=7344&amp;noajax=1&amp;label=Share&amp;btnclass=proradio-btn  proradio-btn__r&amp;secure=6f0233f9d6&quot;}\" href=\"#nojax\" class=\"proradio_reaktions-link \">\n\t\t\t<span class=\"qtli\"><i class=\"reakticons-share\"><\/i><\/span><span class=\"count\">3<\/span>\n\t\t<\/a>\n\t\t<\/span>\n\t\t\n\n\t\t\t\t<span class=\"proradio-actions__a2\">\t\t<a data-ttgreaktions-lovelink class=\"proradio_reaktions-link \" data-post_id=\"7344\" href=\"#\">\n\t        <span class=\"qtli\"><i class=\"reakticons-heart\"><\/i><\/span><span class=\"qtli count\"><\/span>\n\t    <\/a>\n\t\t<\/span>\n\t\t\t<\/div>\n<\/div>\n\n\n\t\t<div class=\"proradio-post__card__cap\">\n\t\t\t<p class=\"proradio-cats\">\n\t\t\t\t<a href=\"https:\/\/biasradio.com\/?eventtype=featured\" class=\"proradio-catid-40\">Featured<\/a>\t\t\t<\/p>\n\t\t\t<h3 class=\"proradio-post__title proradio-h4 proradio-cutme-t-2\"><a href=\"https:\/\/biasradio.com\/?event=a-nagy-hazibuli-2024-05-11-iszkaszentgyorgy\">A Nagy H\u00e1zibuli 2024.05.11. Iszkaszentgy\u00f6rgy<\/a><\/h3>\n\t\t\t<p class=\"proradio-meta proradio-small\">\n\t\t\t\t<span class=\"proradio-date\"><i class=\"material-icons\">location_on<\/i>Iszkaszentgy\u00f6rgy<\/span>\t\t\t\t<span><i class=\"reakticons-eye\"><\/i>90<\/span><span><\/span><span>\t\t<a data-ttgreaktions-lovelink class=\"proradio_reaktions-link \" data-post_id=\"7344\" href=\"#\">\n\t        <span class=\"qtli\"><i class=\"reakticons-heart\"><\/i><\/span><span class=\"qtli count\"><\/span>\n\t    <\/a>\n\t\t<\/span><span>\t\t<a data-ttgreaktions-shareboxfull=\"{&quot;id&quot;:&quot;7344&quot;,&quot;shared&quot;:&quot;https:\\\/\\\/biasradio.com\\\/?event=a-nagy-hazibuli-2024-05-11-iszkaszentgyorgy&quot;,&quot;title&quot;:&quot;A Nagy H\\u00e1zibuli 2024.05.11. Iszkaszentgy\\u00f6rgy&quot;,&quot;finalUrl&quot;:&quot;https:\\\/\\\/biasradio.com\\\/?event=a-nagy-hazibuli-2024-05-11-iszkaszentgyorgy&amp;id=7344&amp;reaktions-share-fullpage=7344&amp;noajax=1&amp;label=Share&amp;btnclass=proradio-btn proradio-btn__r&amp;secure=6f0233f9d6&quot;}\" href=\"#nojax\" class=\"proradio_reaktions-link \">\n\t\t\t<span class=\"qtli\"><i class=\"reakticons-share\"><\/i><\/span><span class=\"count\">3<\/span>\n\t\t<\/a>\n\t\t<\/span>\t\t\t<\/p>\n\t\t<\/div>\n\t<\/div>\n<\/article>\t\t\t\t\t\t<\/div>\n\t\t\t\t\t\t\t\t\t\t<\/div>\n\t\t\t<\/div>\n\t\t\t\t\t\t\t<\/div>\n\t\t\t\t<\/div>\n\t\t\t\t\t<\/div>\n\t\t<\/div>\n\t\t\t\t\t<\/div>\n\t\t<\/section>\n\t\t\t\t<\/div>\n\t\t","protected":false},"excerpt":{"rendered":"<p>TIME TO PARTY UPCOMING EVENTS VIEW EVENTS today 3 Featured A Nagy H\u00e1zibuli 2024.05.11. Iszkaszentgy\u00f6rgy location_onIszkaszentgy\u00f6rgy 48 3 today 3 11 May 2024 IKSZT \u2014 Iszkaszentgy\u00f6rgy A Nagy H\u00e1zibuli 2024.05.11. Iszkaszentgy\u00f6rgy Kedves hallgat\u00f3ink, bar\u00e1taink, ismer\u0151seink! 2024.05.11. szombat este\u2026 Nagy H\u00e1zibuli Iszkaszentgy\u00f6rgy\u00f6n! Visszahozzuk a 80\u2019 \u2013 90\u2019 \u00e9vek DISCO hangulat\u00e1t egy ...<\/p>\n","protected":false},"author":1,"featured_media":0,"parent":0,"menu_order":0,"comment_status":"closed","ping_status":"closed","template":"page-visualcomposer.php","meta":{"footnotes":""},"class_list":["post-4645","page","type-page","status-publish","hentry"],"_links":{"self":[{"href":"https:\/\/biasradio.com\/index.php?rest_route=\/wp\/v2\/pages\/4645","targetHints":{"allow":["GET"]}}],"collection":[{"href":"https:\/\/biasradio.com\/index.php?rest_route=\/wp\/v2\/pages"}],"about":[{"href":"https:\/\/biasradio.com\/index.php?rest_route=\/wp\/v2\/types\/page"}],"author":[{"embeddable":true,"href":"https:\/\/biasradio.com\/index.php?rest_route=\/wp\/v2\/users\/1"}],"replies":[{"embeddable":true,"href":"https:\/\/biasradio.com\/index.php?rest_route=%2Fwp%2Fv2%2Fcomments&post=4645"}],"version-history":[{"count":4,"href":"https:\/\/biasradio.com\/index.php?rest_route=\/wp\/v2\/pages\/4645\/revisions"}],"predecessor-version":[{"id":7913,"href":"https:\/\/biasradio.com\/index.php?rest_route=\/wp\/v2\/pages\/4645\/revisions\/7913"}],"wp:attachment":[{"href":"https:\/\/biasradio.com\/index.php?rest_route=%2Fwp%2Fv2%2Fmedia&parent=4645"}],"curies":[{"name":"wp","href":"https:\/\/api.w.org\/{rel}","templated":true}]}}